{"id":1139,"date":"2018-05-07T13:59:37","date_gmt":"2018-05-07T13:59:37","guid":{"rendered":"http:\/\/okthemes.com\/villenoirdemo\/?page_id=1139"},"modified":"2024-02-08T19:54:21","modified_gmt":"2024-02-08T18:54:21","slug":"weinbar","status":"publish","type":"page","link":"https:\/\/weinhaus-drosseleck.de\/en\/weinbar\/","title":{"rendered":"Winebar"},"content":{"rendered":"<section class=\"wpb-content-wrapper\"><div class=\"vc_row wpb_row vc_row-fluid vc_custom_1526047811183\"><div class=\"wpb_column vc_column_container vc_col-sm-2\"><div class=\"vc_column-inner\"><div class=\"wpb_wrapper\"><\/div><\/div><\/div><div class=\"wpb_column vc_column_container vc_col-sm-8\"><div class=\"vc_column-inner vc_custom_1526304946515\"><div class=\"wpb_wrapper\">\n\t<div class=\"title-subtitle-box\" style=\" text-align: center;\">\n\t\t<h1 style=\" font-style: normal;\">Traditional wine experience<\/h1>\n\t<\/div> \n\t<div class=\"wpb_text_column wpb_content_element  vc_custom_1679055633145\" >\n\t\t<div class=\"wpb_wrapper\">\n\t\t\t<p style=\"text-align: center;\">Our traditionally furnished wine bar in the heart of the Drosselgasse invites you to linger and taste. Enjoy exclusive wines in a classic flair directly in the in-house wine bar. Of course, our offer also includes suitable snacks.<\/p>\n<p style=\"text-align: center;\"><em>Interest raised? Contact us!<\/em><\/p>\n\n\t\t<\/div>\n\t<\/div>\n<\/div><\/div><\/div><div class=\"wpb_column vc_column_container vc_col-sm-2\"><div class=\"vc_column-inner\"><div class=\"wpb_wrapper\"><\/div><\/div><\/div><\/div><div data-vc-full-width=\"true\" data-vc-full-width-init=\"false\" class=\"vc_row wpb_row vc_row-fluid\"><div class=\"wpb_column vc_column_container vc_col-sm-6\"><div class=\"vc_column-inner\"><div class=\"wpb_wrapper\">\n\t<div class=\"gg-clubbox vc_custom_1679057316331\" style=\"text-align:center;\">\n\t\t<div class=\"club-image\"> <img decoding=\"async\" class=\"wp-post-image\" src=\" https:\/\/weinhaus-drosseleck.de\/wp-content\/uploads\/2023\/03\/abendessenkonzept-mit-zwei-glaesern-weisswein-gebackener-fisch-min-scaled-e1679157031320.jpg \" alt=\"\" \/> <\/div>\n\t\t<div class=\"gg-clubbox-content gg-center\">\n\t\t<span class=\"club-top-title\" >Winebar Dorsseleck<\/span>\n\t\t<h4 class=\"club-title\" >Wine tastings<\/h4>\n\t\t<div class=\"club-description\" ><ul>\n<li>Ausgw\u00e4hlte Weine<\/li>\n<li>Traditionelles Flair<\/li>\n<li>Im Herzen von R\u00fcdesheim am Rhein<\/li>\n<li>Snacks &amp; Finger Food<\/li>\n<li>Eventlocation<\/li>\n<li>and much more!<\/li>\n<\/ul>\n<\/div>\n\t\t<p class=\"club-price\" > <span class=\"club-price-affix\" ><\/span><\/p>\n\t<div class=\"clearfix\"><\/div><a class=\"club-link button btn-primary\" href=\"https:\/\/weinhaus-drosseleck.de\/en\/contact\/\" title=\"Kontaktieren Sie uns!\" target=\"_self\">Kontaktieren Sie uns!<\/a>\n\t<\/div>\n\t<\/div><\/div><\/div><\/div><div class=\"wpb_column vc_column_container vc_col-sm-6\"><div class=\"vc_column-inner\"><div class=\"wpb_wrapper\">\n\t<div class=\"gg-clubbox vc_custom_1679056444921\" style=\"text-align:center;\">\n\t\t<div class=\"club-image\"> <img decoding=\"async\" class=\"wp-post-image\" src=\" https:\/\/weinhaus-drosseleck.de\/wp-content\/uploads\/2023\/03\/asbach-min.jpg \" alt=\"\" \/> <\/div>\n\t\t<div class=\"gg-clubbox-content gg-center\">\n\t\t<span class=\"club-top-title\" >Winebar Dorsseleck<\/span>\n\t\t<h4 class=\"club-title\" >R\u00fcdesheimer Kaffee<\/h4>\n\t\t<div class=\"club-description\" ><ul>\n<li>R\u00fcdesheimer Kaffee zum genie\u00dfen!<\/li>\n<li>Asbach Lik\u00f6re<\/li>\n<li>Asbach Souvenirs<\/li>\n<li>Kaffeespezialit\u00e4ten<\/li>\n<li>Eventlocation<\/li>\n<li>and much more!<\/li>\n<\/ul>\n<\/div>\n\t\t<p class=\"club-price\" > <span class=\"club-price-affix\" ><\/span><\/p>\n\t<div class=\"clearfix\"><\/div><a class=\"club-link button btn-primary\" href=\"https:\/\/weinhaus-drosseleck.de\/en\/contact\/\" title=\"Kontaktieren Sie uns!\" target=\"_self\">Kontaktieren Sie uns!<\/a>\n\t<\/div>\n\t<\/div><\/div><\/div><\/div><\/div><div class=\"vc_row-full-width vc_clearfix\"><\/div><div class=\"vc_row wpb_row vc_row-fluid vc_custom_1526304651436 vc_row-o-equal-height vc_row-o-content-middle vc_row-flex\"><div class=\"wpb_column vc_column_container vc_col-sm-12 vc_col-lg-6 vc_col-md-6 vc_col-has-fill\"><div class=\"vc_column-inner vc_custom_1679157232532\"><div class=\"wpb_wrapper\"><div class=\"vc_empty_space\"   style=\"height: 500px\"><span class=\"vc_empty_space_inner\"><\/span><\/div><\/div><\/div><\/div><div class=\"wpb_column vc_column_container vc_col-sm-12 vc_col-lg-6 vc_col-md-6 vc_col-has-fill\"><div class=\"vc_column-inner vc_custom_1526667841739\"><div class=\"wpb_wrapper\">\n\t<div class=\"title-subtitle-box\" style=\" text-align: center;\">\n\t\t<p  style=\"\">Weinbar Dorsseleck<\/p>\n\t\t<h1 style=\" font-style: normal;\">Wein genie\u00dfen<\/h1>\n\t<\/div> \n\t<div class=\"wpb_text_column wpb_content_element  vc_custom_1679056679865\" >\n\t\t<div class=\"wpb_wrapper\">\n\t\t\t<p style=\"text-align: center;\">Genie\u00dfen Sie spontan herausragende Rheingauer Weine in einer klassischen Altstadt Atmosph\u00e4re.<\/p>\n\n\t\t<\/div>\n\t<\/div>\n<\/div><\/div><\/div><\/div><div class=\"vc_row wpb_row vc_row-fluid vc_custom_1679157367923 reverse_columns_mobile vc_row-o-equal-height vc_row-o-content-middle vc_row-flex\"><div class=\"wpb_column vc_column_container vc_col-sm-12 vc_col-lg-6 vc_col-md-6 vc_col-has-fill\"><div class=\"vc_column-inner vc_custom_1460370856484\"><div class=\"wpb_wrapper\">\n\t<div class=\"title-subtitle-box\" style=\" text-align: center;\">\n\t\t<p  style=\"\">JGAs \u00b7 Geburtstage \u00b7 Vereine \u00b7 uvm.<\/p>\n\t\t<h1 style=\" font-style: normal;\">Gruppen<\/h1>\n\t<\/div> \n\t<div class=\"wpb_text_column wpb_content_element  vc_custom_1707418456841\" >\n\t\t<div class=\"wpb_wrapper\">\n\t\t\t<p style=\"text-align: center;\">Gerne reservieren wir Ihnen exclusiv unsere Weinbar f\u00fcr Ihre Gruppenveranstaltung. Bis zu 30 Personen k\u00f6nnen sowohl im Innen- als auch Au\u00dfenbereich das Erlebnis &#8220;Wein&#8221; genie\u00dfen.<\/p>\n<p style=\"text-align: center;\">*F\u00fcr Gruppen ab 6 Personen haben wir eine exklusive \u00dcberraschung direkt im Haus vorbereitet.<\/p>\n\n\t\t<\/div>\n\t<\/div>\n<\/div><\/div><\/div><div class=\"wpb_column vc_column_container vc_col-sm-12 vc_col-lg-6 vc_col-md-6 vc_col-has-fill\"><div class=\"vc_column-inner vc_custom_1679157250138\"><div class=\"wpb_wrapper\"><div class=\"vc_empty_space\"   style=\"height: 500px\"><span class=\"vc_empty_space_inner\"><\/span><\/div><\/div><\/div><\/div><\/div><div class=\"vc_row wpb_row vc_row-fluid vc_custom_1526041586423 vc_row-o-equal-height vc_row-o-content-middle vc_row-flex\"><div class=\"wpb_column vc_column_container vc_col-sm-12 vc_col-lg-6 vc_col-md-6 vc_col-has-fill\"><div class=\"vc_column-inner vc_custom_1679157266270\"><div class=\"wpb_wrapper\"><div class=\"vc_empty_space\"   style=\"height: 500px\"><span class=\"vc_empty_space_inner\"><\/span><\/div><\/div><\/div><\/div><div class=\"wpb_column vc_column_container vc_col-sm-12 vc_col-lg-6 vc_col-md-6 vc_col-has-fill\"><div class=\"vc_column-inner vc_custom_1460370835378\"><div class=\"wpb_wrapper\">\n\t<div class=\"title-subtitle-box\" style=\" text-align: center;\">\n\t\t<p  style=\"\">Winebar Dorsseleck<\/p>\n\t\t<h1 style=\" font-style: normal;\">Snacks &amp; Finger Food<\/h1>\n\t<\/div> \n\t<div class=\"wpb_text_column wpb_content_element  vc_custom_1679056997184\" >\n\t\t<div class=\"wpb_wrapper\">\n\t\t\t<p style=\"text-align: center;\">Gerne stellen wir Ihnen Snacks und Finger Food f\u00fcr Ihr perfektes Erlebnis zur Verf\u00fcgung. F\u00fcr gr\u00f6\u00dfere Gruppen oder individuelle Snacks ben\u00f6tigen wir eine vorherige Reservierung.<\/p>\n\n\t\t<\/div>\n\t<\/div>\n<\/div><\/div><\/div><\/div><div class=\"vc_row wpb_row vc_row-fluid vc_custom_1526304628017\"><div class=\"wpb_column vc_column_container vc_col-sm-2\"><div class=\"vc_column-inner\"><div class=\"wpb_wrapper\"><\/div><\/div><\/div><div class=\"wpb_column vc_column_container vc_col-sm-8\"><div class=\"vc_column-inner vc_custom_1458555142589\"><div class=\"wpb_wrapper\">\n\t<div class=\"title-subtitle-box\" style=\" text-align: center;\">\n\t\t<p  style=\"\">Winebar Dorsseleck<\/p>\n\t\t<h1 style=\" font-style: normal;\">Erlebnis Wein<\/h1>\n\t<\/div> \n\t<div class=\"wpb_text_column wpb_content_element\" >\n\t\t<div class=\"wpb_wrapper\">\n\t\t\t<p>Um Ihren pers\u00f6nlichen Anforderungen bestm\u00f6glich gerecht zu werden, bitten wir bei Gruppenveranstaltungen ab 15 Personen f\u00fcr eine Vorabreservierung.<\/p>\n<p>Selbstverst\u00e4ndlich k\u00f6nnen Sie auch spontan unser Lokal besuchen.<\/p>\n\n\t\t<\/div>\n\t<\/div>\n<div class=\"gg-horizontal-list horizontal-flex\"><dl class=\"horizontal\">\n\t<dt >Schritt 1<\/dt>\n\t<dd >Kontaktieren Sie uns \u00fcber das Kontaktformular.<\/dd>\n\t<dt >Schritt 2<\/dt>\n\t<dd >Auswahl von Weinen und Snacks.<\/dd>\n\t<dt >Schritt 3<\/dt>\n\t<dd >Best\u00e4tigen Sie die Reservierung 48 Stunden vorher.<\/dd><\/dl><\/div><\/div><\/div><\/div><div class=\"wpb_column vc_column_container vc_col-sm-2\"><div class=\"vc_column-inner\"><div class=\"wpb_wrapper\"><\/div><\/div><\/div><\/div><div class=\"vc_row wpb_row vc_row-fluid vc_custom_1526303856754 vc_row-o-equal-height vc_row-o-content-top vc_row-flex\"><div class=\"wpb_column vc_column_container vc_col-sm-4 vc_col-has-fill\"><div class=\"vc_column-inner vc_custom_1526303698491\"><div class=\"wpb_wrapper\"><div class=\"vc_icon_element vc_icon_element-outer vc_icon_element-align-left\"><div class=\"vc_icon_element-inner vc_icon_element-color-white vc_icon_element-size-lg vc_icon_element-style- vc_icon_element-background-color-grey\" ><span class=\"vc_icon_element-icon fas fa-location-arrow\" ><\/span><\/div><\/div>\n\t<div class=\"gg-infobox vc_custom_1679057673909\" style=\"text-align:left;\">\n\t\t<p class=\"subtitle\" style=\"color: #ffffff;\">R\u00fcdesheimer Drosselgasse<\/p>\n\t\t<div class=\"description\" style=\"color: #ffffff;\"><p>Sie finden uns in der bekannten R\u00fcdesheimer Drosselgasse.<\/p>\n<\/div>\n\t<\/div> <\/div><\/div><\/div><div class=\"wpb_column vc_column_container vc_col-sm-4 vc_col-has-fill\"><div class=\"vc_column-inner vc_custom_1526303726415\"><div class=\"wpb_wrapper\"><div class=\"vc_icon_element vc_icon_element-outer vc_icon_element-align-left\"><div class=\"vc_icon_element-inner vc_icon_element-color-custom vc_icon_element-size-lg vc_icon_element-style- vc_icon_element-background-color-grey\" ><span class=\"vc_icon_element-icon fas fa-warehouse\" style=\"color:#b0976d !important\"><\/span><\/div><\/div>\n\t<div class=\"gg-infobox vc_custom_1679057860834\" style=\"text-align:left;\">\n\t\t<p class=\"subtitle\" style=\"color: #000000;\">Location<\/p>\n\t\t<div class=\"description\" ><p style=\"text-align: left;\">Bei uns k\u00f6nnen Sie sowohl im Innen- als auch Au\u00dfenbereich verweilen.<\/p>\n<\/div>\n\t<\/div> <\/div><\/div><\/div><div class=\"wpb_column vc_column_container vc_col-sm-4 vc_col-has-fill\"><div class=\"vc_column-inner vc_custom_1526303756413\"><div class=\"wpb_wrapper\"><div class=\"vc_icon_element vc_icon_element-outer vc_icon_element-align-left\"><div class=\"vc_icon_element-inner vc_icon_element-color-white vc_icon_element-size-lg vc_icon_element-style- vc_icon_element-background-color-grey\" ><span class=\"vc_icon_element-icon fa fa-phone\" ><\/span><\/div><\/div>\n\t<div class=\"gg-infobox vc_custom_1679057864240\" style=\"text-align:left;\">\n\t\t<p class=\"subtitle\" style=\"color: #ffffff;\">Interesse geweckt?<\/p>\n\t\t<div class=\"description\" style=\"color: #ffffff;\"><p>Kontaktieren Sie uns \u00fcber das Kontaktformular oder rufen Sie uns einfach an, unter: +49 6722 402 402 7<\/p>\n<\/div>\n\t<\/div> <\/div><\/div><\/div><\/div>\n<\/section>","protected":false},"excerpt":{"rendered":"Traditionelles Weinerlebnis Unsere traditionell eingerichtete Weinbar im Herzen der Drosselgasse l\u00e4d zum verweilen und probieren ein. Genie\u00dfen Sie exclusive Weine im klassischen Flair direkt in der hauseigenen Weinbar. Selbstverst\u00e4ndlich umfasst<br class=\"read-more-spacer\"> <a class=\"more-link\" href=\"https:\/\/weinhaus-drosseleck.de\/en\/weinbar\/\">Read More<\/a>","protected":false},"author":1,"featured_media":0,"parent":0,"menu_order":0,"comment_status":"closed","ping_status":"closed","template":"","meta":{"footnotes":""},"class_list":["post-1139","page","type-page","status-publish","hentry"],"acf":[],"jetpack_sharing_enabled":true,"_links":{"self":[{"href":"https:\/\/weinhaus-drosseleck.de\/en\/wp-json\/wp\/v2\/pages\/1139","targetHints":{"allow":["GET"]}}],"collection":[{"href":"https:\/\/weinhaus-drosseleck.de\/en\/wp-json\/wp\/v2\/pages"}],"about":[{"href":"https:\/\/weinhaus-drosseleck.de\/en\/wp-json\/wp\/v2\/types\/page"}],"author":[{"embeddable":true,"href":"https:\/\/weinhaus-drosseleck.de\/en\/wp-json\/wp\/v2\/users\/1"}],"replies":[{"embeddable":true,"href":"https:\/\/weinhaus-drosseleck.de\/en\/wp-json\/wp\/v2\/comments?post=1139"}],"version-history":[{"count":10,"href":"https:\/\/weinhaus-drosseleck.de\/en\/wp-json\/wp\/v2\/pages\/1139\/revisions"}],"predecessor-version":[{"id":1587,"href":"https:\/\/weinhaus-drosseleck.de\/en\/wp-json\/wp\/v2\/pages\/1139\/revisions\/1587"}],"wp:attachment":[{"href":"https:\/\/weinhaus-drosseleck.de\/en\/wp-json\/wp\/v2\/media?parent=1139"}],"curies":[{"name":"wp","href":"https:\/\/api.w.org\/{rel}","templated":true}]}}