{"id":193,"date":"2016-03-10T10:44:30","date_gmt":"2016-03-10T10:44:30","guid":{"rendered":"http:\/\/okthemes.com\/villenoirdemo\/?page_id=193"},"modified":"2023-03-30T18:06:37","modified_gmt":"2023-03-30T16:06:37","slug":"homepage","status":"publish","type":"page","link":"https:\/\/weinhaus-drosseleck.de\/en\/","title":{"rendered":"Start"},"content":{"rendered":"<section class=\"wpb-content-wrapper\"><div data-vc-full-width=\"true\" data-vc-full-width-init=\"false\" data-vc-stretch-content=\"true\" class=\"vc_row wpb_row vc_row-fluid gg-force-background-left vc_custom_1460549184095 vc_row-has-fill vc_row-no-padding vc_row-o-equal-height vc_row-o-content-middle vc_row-flex\"><div class=\"wpb_column vc_column_container vc_col-sm-12\"><div class=\"vc_column-inner\"><div class=\"wpb_wrapper\"><\/div><\/div><\/div><div class=\"wpb_column vc_column_container vc_col-sm-12 vc_col-lg-6 vc_col-md-6 vc_col-has-fill\"><div class=\"vc_column-inner vc_custom_1679156119972\"><div class=\"wpb_wrapper\">\n\t<div  class=\"wpb_single_image wpb_content_element vc_align_center\">\n\t\t\n\t\t<figure class=\"wpb_wrapper vc_figure\">\n\t\t\t<div class=\"vc_single_image-wrapper vc_box_rounded  vc_box_border_grey\"><img loading=\"lazy\" decoding=\"async\" data-vc-zoom=\"https:\/\/weinhaus-drosseleck.de\/wp-content\/uploads\/2023\/03\/eeee-min-scaled-e1679155607983-1024x883.jpg\" width=\"1024\" height=\"883\" src=\"https:\/\/weinhaus-drosseleck.de\/wp-content\/uploads\/2023\/03\/eeee-min-scaled-e1679155607983-1024x883.jpg\" class=\"vc_single_image-img attachment-large\" alt=\"\" title=\"eeee-min\" srcset=\"https:\/\/weinhaus-drosseleck.de\/wp-content\/uploads\/2023\/03\/eeee-min-scaled-e1679155607983-1024x883.jpg 1024w, https:\/\/weinhaus-drosseleck.de\/wp-content\/uploads\/2023\/03\/eeee-min-scaled-e1679155607983-300x259.jpg 300w, https:\/\/weinhaus-drosseleck.de\/wp-content\/uploads\/2023\/03\/eeee-min-scaled-e1679155607983-768x663.jpg 768w, https:\/\/weinhaus-drosseleck.de\/wp-content\/uploads\/2023\/03\/eeee-min-scaled-e1679155607983-1536x1325.jpg 1536w, https:\/\/weinhaus-drosseleck.de\/wp-content\/uploads\/2023\/03\/eeee-min-scaled-e1679155607983-2048x1767.jpg 2048w, https:\/\/weinhaus-drosseleck.de\/wp-content\/uploads\/2023\/03\/eeee-min-scaled-e1679155607983-14x12.jpg 14w\" sizes=\"auto, (max-width: 1024px) 100vw, 1024px\" \/><\/div>\n\t\t<\/figure>\n\t<\/div>\n<\/div><\/div><\/div><div class=\"wpb_column vc_column_container vc_col-sm-12 vc_col-lg-6 vc_col-md-6 vc_col-has-fill\"><div class=\"vc_column-inner vc_custom_1679156128737\"><div class=\"wpb_wrapper\">\n\t<div class=\"title-subtitle-box  vc_custom_1678990493667\" style=\" margin-bottom:90px; text-align: left;\">\n\t\t<p  style=\"\">Wine Store Drosseleck - Vinothek &amp; Winebar<\/p>\n\t\t<h1 style=\" font-style: normal;\">Rheingau wines for experience<\/h1>\n\t<\/div> \n\t<div class=\"wpb_text_column wpb_content_element\" >\n\t\t<div class=\"wpb_wrapper\">\n\t\t\t<p>The traditional and historically grown old town of R\u00fcdesheim invites you to linger. Enjoy Rheingau wines in the heart of R\u00fcdesheim, directly in the Drosselgasse.<\/p>\n<p>Neben der klassischen Weinprobe und dem Flaschenverkauf von ausgew\u00e4hlten Weinen, bieten wir Ihnen in unserer hauseigenen Weinbar das Erlebnis &#8220;Wein&#8221; an. Exclusive Weine k\u00f6nnen hier im typischen R\u00fcdesheimer Flair verk\u00f6stigt und bewertet werden.<\/p>\n<p>Of course, our wine bar is also available as an event location for your R\u00fcdesheim Expedition. Simply contact us for this!<\/p>\n\n\t\t<\/div>\n\t<\/div>\n<\/div><\/div><\/div><\/div><div class=\"vc_row-full-width vc_clearfix\"><\/div><div class=\"vc_row wpb_row vc_row-fluid reverse_columns_mobile vc_row-o-equal-height vc_row-o-content-middle vc_row-flex\"><div class=\"wpb_column vc_column_container vc_col-sm-12\"><div class=\"vc_column-inner\"><div class=\"wpb_wrapper\"><\/div><\/div><\/div><div class=\"wpb_column vc_column_container vc_col-sm-12 vc_col-lg-6 vc_col-md-6 vc_col-has-fill\"><div class=\"vc_column-inner vc_custom_1469107067587\"><div class=\"wpb_wrapper\">\n\t<div  class=\"wpb_single_image wpb_content_element vc_align_center\">\n\t\t\n\t\t<figure class=\"wpb_wrapper vc_figure\">\n\t\t\t<div class=\"vc_single_image-wrapper   vc_box_border_grey\"><img loading=\"lazy\" decoding=\"async\" width=\"32\" height=\"44\" src=\"https:\/\/weinhaus-drosseleck.de\/wp-content\/uploads\/2016\/03\/grape-icn-17.png\" class=\"vc_single_image-img attachment-full\" alt=\"\" title=\"grape-icn\" \/><\/div>\n\t\t<\/figure>\n\t<\/div>\n\n\t<div class=\"title-subtitle-box  vc_custom_1678991492088\" style=\" margin-bottom:90px; text-align: center;\">\n\t\t<p  style=\" color:#cebc9e; \">WINEBAR<\/p>\n\t\t<h2 style=\" color:#ffffff;  font-style: normal;\">Enjoy our wide variety of outstanding wines right on site at our in-house wine bar.<\/h2>\n\t<\/div> <\/div><\/div><\/div><div class=\"wpb_column vc_column_container vc_col-sm-12 vc_col-lg-6 vc_col-md-6 vc_col-has-fill\"><div class=\"vc_column-inner vc_custom_1678223450327\"><div class=\"wpb_wrapper\"><div class=\"vc_empty_space\"   style=\"height: 500px\"><span class=\"vc_empty_space_inner\"><\/span><\/div><\/div><\/div><\/div><\/div><div data-vc-full-width=\"true\" data-vc-full-width-init=\"false\" data-vc-stretch-content=\"true\" class=\"vc_row wpb_row vc_row-fluid vc_custom_1457623848687 vc_row-has-fill vc_row-no-padding vc_row-o-equal-height vc_row-o-content-middle vc_row-flex\"><div class=\"wpb_column vc_column_container vc_col-sm-7 vc_col-lg-8 vc_col-md-8\"><div class=\"vc_column-inner vc_custom_1460370683208\"><div class=\"wpb_wrapper\">\n\t<div  class=\"wpb_single_image wpb_content_element vc_align_left   force-90-width-large-screen\">\n\t\t\n\t\t<figure class=\"wpb_wrapper vc_figure\">\n\t\t\t<div class=\"vc_single_image-wrapper   vc_box_border_grey\"><img loading=\"lazy\" decoding=\"async\" width=\"2917\" height=\"741\" src=\"https:\/\/weinhaus-drosseleck.de\/wp-content\/uploads\/2023\/03\/33.png\" class=\"vc_single_image-img attachment-full\" alt=\"\" title=\"33\" srcset=\"https:\/\/weinhaus-drosseleck.de\/wp-content\/uploads\/2023\/03\/33.png 2917w, https:\/\/weinhaus-drosseleck.de\/wp-content\/uploads\/2023\/03\/33-300x76.png 300w, https:\/\/weinhaus-drosseleck.de\/wp-content\/uploads\/2023\/03\/33-1024x260.png 1024w, https:\/\/weinhaus-drosseleck.de\/wp-content\/uploads\/2023\/03\/33-768x195.png 768w, https:\/\/weinhaus-drosseleck.de\/wp-content\/uploads\/2023\/03\/33-1536x390.png 1536w, https:\/\/weinhaus-drosseleck.de\/wp-content\/uploads\/2023\/03\/33-2048x520.png 2048w\" sizes=\"auto, (max-width: 2917px) 100vw, 2917px\" \/><\/div>\n\t\t<\/figure>\n\t<\/div>\n<div class=\"vc_row wpb_row vc_inner vc_row-fluid\"><div class=\"wpb_column vc_column_container vc_col-sm-4\"><div class=\"vc_column-inner\"><div class=\"wpb_wrapper\"><\/div><\/div><\/div><div class=\"wpb_column vc_column_container vc_col-sm-4\"><div class=\"vc_column-inner\"><div class=\"wpb_wrapper\">\n\t<div class=\"counter-holder media\" style=\"text-align:center;   \">\n\t\t\t<div class=\"counter-content media-body\">\n\t\t\t\t<span style=\" font-size:60px;\" class=\"counter\" data-number=\"15\" data-interval=\"100\" data-speed=\"1500\">15<\/span>\n\t\t\t\t<p >Manufacturer<\/p>\n\t\t\t<\/div>\n\t<\/div> <\/div><\/div><\/div><div class=\"wpb_column vc_column_container vc_col-sm-4\"><div class=\"vc_column-inner\"><div class=\"wpb_wrapper\">\n\t<div class=\"counter-holder media\" style=\"text-align:center;   \">\n\t\t\t<div class=\"counter-content media-body\">\n\t\t\t\t<span style=\" font-size:60px;\" class=\"counter\" data-number=\"18\" data-interval=\"100\" data-speed=\"1500\">18<\/span>\n\t\t\t\t<p >Variations<\/p>\n\t\t\t<\/div>\n\t<\/div> <\/div><\/div><\/div><\/div><\/div><\/div><\/div><div class=\"wpb_column vc_column_container vc_col-sm-5 vc_col-lg-4 vc_col-md-4 vc_col-has-fill\"><div class=\"vc_column-inner vc_custom_1460370690007\"><div class=\"wpb_wrapper\">\n\t<div class=\"title-subtitle-box\" style=\" text-align: left;\">\n\t\t<p  style=\"\">Variations<\/p>\n\t\t<h2 style=\" font-style: normal;\">Red Wines<\/h2>\n\t<\/div> \n\t<div class=\"gg_list list_style_line\">\n<ul>\n<li>Sp\u00e4tburgunder<\/li>\n<li>Sp\u00e4tlese<\/li>\n<li>Beerenauslese<\/li>\n<li>Ros\u00e9<\/li>\n<li>Baca Nigra<\/li>\n<li>Cuv\u00e9e Noir<\/li>\n<li>Pinot Noir<\/li>\n<li>and much more!<\/li>\n<\/ul>\n<\/div><\/div><\/div><\/div><\/div><div class=\"vc_row-full-width vc_clearfix\"><\/div><div data-vc-full-width=\"true\" data-vc-full-width-init=\"false\" data-vc-stretch-content=\"true\" class=\"vc_row wpb_row vc_row-fluid vc_custom_1679166826197 reverse_columns_mobile vc_row-has-fill vc_row-no-padding vc_row-o-equal-height vc_row-o-content-middle vc_row-flex\"><div class=\"wpb_column vc_column_container vc_col-sm-5 vc_col-lg-4 vc_col-md-4 vc_col-has-fill\"><div class=\"vc_column-inner vc_custom_1460370625769\"><div class=\"wpb_wrapper\">\n\t<div class=\"title-subtitle-box\" style=\" text-align: left;\">\n\t\t<p  style=\"\">Variations<\/p>\n\t\t<h2 style=\" font-style: normal;\">White Wines<\/h2>\n\t<\/div> \n\t<div class=\"gg_list list_style_line\">\n<ul>\n<li>Riesling<\/li>\n<li>Wei\u00dfburgunder<\/li>\n<li>Gelber Muskateller<\/li>\n<li>Gew\u00fcrztraminer<\/li>\n<li>and much more!<\/li>\n<\/ul>\n<\/div><\/div><\/div><\/div><div class=\"wpb_column vc_column_container vc_col-sm-7 vc_col-lg-8 vc_col-md-8\"><div class=\"vc_column-inner vc_custom_1460370664276\"><div class=\"wpb_wrapper\">\n\t<div  class=\"wpb_single_image wpb_content_element vc_align_right   force-90-width-large-screen\">\n\t\t\n\t\t<figure class=\"wpb_wrapper vc_figure\">\n\t\t\t<div class=\"vc_single_image-wrapper   vc_box_border_grey\"><img loading=\"lazy\" decoding=\"async\" width=\"2916\" height=\"770\" src=\"https:\/\/weinhaus-drosseleck.de\/wp-content\/uploads\/2023\/03\/22.png\" class=\"vc_single_image-img attachment-full\" alt=\"\" title=\"22\" srcset=\"https:\/\/weinhaus-drosseleck.de\/wp-content\/uploads\/2023\/03\/22.png 2916w, https:\/\/weinhaus-drosseleck.de\/wp-content\/uploads\/2023\/03\/22-300x79.png 300w, https:\/\/weinhaus-drosseleck.de\/wp-content\/uploads\/2023\/03\/22-1024x270.png 1024w, https:\/\/weinhaus-drosseleck.de\/wp-content\/uploads\/2023\/03\/22-768x203.png 768w, https:\/\/weinhaus-drosseleck.de\/wp-content\/uploads\/2023\/03\/22-1536x406.png 1536w, https:\/\/weinhaus-drosseleck.de\/wp-content\/uploads\/2023\/03\/22-2048x541.png 2048w\" sizes=\"auto, (max-width: 2916px) 100vw, 2916px\" \/><\/div>\n\t\t<\/figure>\n\t<\/div>\n<div class=\"vc_row wpb_row vc_inner vc_row-fluid\"><div class=\"wpb_column vc_column_container vc_col-sm-4\"><div class=\"vc_column-inner\"><div class=\"wpb_wrapper\">\n\t<div class=\"counter-holder media\" style=\"text-align:center;   \">\n\t\t\t<div class=\"counter-content media-body\">\n\t\t\t\t<span style=\" font-size:60px;\" class=\"counter\" data-number=\"37\" data-interval=\"100\" data-speed=\"1500\">37<\/span>\n\t\t\t\t<p >Variations<\/p>\n\t\t\t<\/div>\n\t<\/div> <\/div><\/div><\/div><div class=\"wpb_column vc_column_container vc_col-sm-4\"><div class=\"vc_column-inner\"><div class=\"wpb_wrapper\">\n\t<div class=\"counter-holder media\" style=\"text-align:center;   \">\n\t\t\t<div class=\"counter-content media-body\">\n\t\t\t\t<span style=\" font-size:60px;\" class=\"counter\" data-number=\"35\" data-interval=\"100\" data-speed=\"1500\">35<\/span>\n\t\t\t\t<p >Manufacturer<\/p>\n\t\t\t<\/div>\n\t<\/div> <\/div><\/div><\/div><div class=\"wpb_column vc_column_container vc_col-sm-4\"><div class=\"vc_column-inner\"><div class=\"wpb_wrapper\"><\/div><\/div><\/div><\/div><\/div><\/div><\/div><\/div><div class=\"vc_row-full-width vc_clearfix\"><\/div><div class=\"vc_row wpb_row vc_row-fluid vc_custom_1457626387315 vc_row-o-equal-height vc_row-o-content-middle vc_row-flex\"><div class=\"wpb_column vc_column_container vc_col-sm-12 vc_col-lg-6 vc_col-md-6 vc_col-has-fill\"><div class=\"vc_column-inner vc_custom_1679156642366\"><div class=\"wpb_wrapper\"><div class=\"vc_empty_space\"   style=\"height: 500px\"><span class=\"vc_empty_space_inner\"><\/span><\/div><\/div><\/div><\/div><div class=\"wpb_column vc_column_container vc_col-sm-12 vc_col-lg-6 vc_col-md-6 vc_col-has-fill\"><div class=\"vc_column-inner vc_custom_1460370835378\"><div class=\"wpb_wrapper\">\n\t<div class=\"title-subtitle-box  vc_custom_1678993290831\" style=\" margin-bottom:90px; text-align: center;\">\n\t\t<p  style=\"\">WINEBAR<\/p>\n\t\t<h1 style=\" font-style: normal;\">Wine Tasting &amp; Events<\/h1>\n\t<\/div> \n\t<div class=\"wpb_text_column wpb_content_element  vc_custom_1678993483824\" >\n\t\t<div class=\"wpb_wrapper\">\n\t\t\t<p style=\"text-align: center;\">Erlebnis &#8220;Wein&#8221;: Genie\u00dfen Sie unseren ausgew\u00e4hlten Weine bei einer kostenlosen Weinprobe direkt vor Ort in unserer hauseigenen Weinbar!<\/p>\n<p style=\"text-align: center;\">Of course we are also available for your individual events!<\/p>\n\n\t\t<\/div>\n\t<\/div>\n<div class=\"vc_btn3-container vc_btn3-center\" ><a style=\"background-color:#000000; color:#ffffff;\" class=\"vc_general vc_btn3 vc_btn3-size-md vc_btn3-shape-square vc_btn3-style-custom\" href=\"https:\/\/weinhaus-drosseleck.de\/en\/contact\/\" title=\"Contact\">Contact us!<\/a><\/div><\/div><\/div><\/div><\/div><div class=\"vc_row wpb_row vc_row-fluid vc_custom_1679166834151 reverse_columns_mobile vc_row-o-equal-height vc_row-o-content-middle vc_row-flex\"><div class=\"wpb_column vc_column_container vc_col-sm-12 vc_col-lg-6 vc_col-md-6 vc_col-has-fill\"><div class=\"vc_column-inner vc_custom_1460370856484\"><div class=\"wpb_wrapper\">\n\t<div class=\"title-subtitle-box\" style=\" text-align: center;\">\n\t\t<p  style=\"\">Wine Store<\/p>\n\t\t<h1 style=\" font-style: normal;\">Asbach Lik\u00f6r &amp; Souvenirs<\/h1>\n\t<\/div> \n\t<div class=\"wpb_text_column wpb_content_element  vc_custom_1678993685604\" >\n\t\t<div class=\"wpb_wrapper\">\n\t\t\t<p style=\"text-align: center;\">In addition to our wide range of Rheingau wines, we also offer a variety of liqueurs and souvenirs.<\/p>\n<p style=\"text-align: center;\">R\u00fcdesheim coffee and Asbach liqueurs are an integral part of our product range.<\/p>\n\n\t\t<\/div>\n\t<\/div>\n<div class=\"vc_btn3-container vc_btn3-center\" ><a style=\"background-color:#000000; color:#ffffff;\" class=\"vc_general vc_btn3 vc_btn3-size-md vc_btn3-shape-square vc_btn3-style-custom\" href=\"https:\/\/weinhaus-drosseleck.de\/en\/contact\/\" title=\"Contact\">Contact us!<\/a><\/div><\/div><\/div><\/div><div class=\"wpb_column vc_column_container vc_col-sm-12 vc_col-lg-6 vc_col-md-6 vc_col-has-fill\"><div class=\"vc_column-inner vc_custom_1679156677889\"><div class=\"wpb_wrapper\"><div class=\"vc_empty_space\"   style=\"height: 500px\"><span class=\"vc_empty_space_inner\"><\/span><\/div><\/div><\/div><\/div><\/div><div data-vc-full-width=\"true\" data-vc-full-width-init=\"false\" class=\"vc_row wpb_row vc_row-fluid center-text vc_custom_1469107465065 vc_row-has-fill vc_row-o-content-middle vc_row-flex\"><div class=\"wpb_column vc_column_container vc_col-sm-12 vc_col-lg-offset-3 vc_col-lg-6 vc_col-md-12\"><div class=\"vc_column-inner vc_custom_1460548154083\"><div class=\"wpb_wrapper\">\n\t<div class=\"title-subtitle-box\" style=\" text-align: center;\">\n\t\t<p  style=\"\">WINE STORE &amp; BAR<\/p>\n\t\t<h1 style=\" font-style: normal;\">Visit us!<\/h1>\n\t<\/div> \n\t<div class=\"wpb_text_column wpb_content_element  vc_custom_1678993850559\" >\n\t\t<div class=\"wpb_wrapper\">\n\t\t\t<p style=\"text-align: center;\">You are welcome to visit us in the heart of R\u00fcdesheim in the Drosselgasse.<\/p>\n<p style=\"text-align: center;\">Tiefere Einblicke erhalten Sie mit Klick auf &#8220;Mehr Erfahren..&#8221;<\/p>\n\n\t\t<\/div>\n\t<\/div>\n<div class=\"vc_btn3-container  wpb_animate_when_almost_visible wpb_kd-animated fadeIn animation-delay-800 kd-animated fadeIn animation-delay-800 vc_btn3-inline vc_custom_1678993923847\" ><a style=\"background-color:#b0976d; color:#ffffff;\" class=\"vc_general vc_btn3 vc_btn3-size-lg vc_btn3-shape-square vc_btn3-style-custom\" href=\"https:\/\/weinhaus-drosseleck.de\/en\/contact\/\" title=\"\">Learn more..<\/a><\/div><\/div><\/div><\/div><\/div><div class=\"vc_row-full-width vc_clearfix\"><\/div>\n<\/section>","protected":false},"excerpt":{"rendered":"Weinhaus Drosseleck - Vinothek &amp; Weinbar Rheingauer Weine zum Erleben Die traditionelle und historisch gewachsene Altstadt R\u00fcdesheim l\u00e4d zum verweilen ein. Genie\u00dfen Sie rheingauer Weine im Herzen R\u00fcdesheims, direkt in<br class=\"read-more-spacer\"> <a class=\"more-link\" href=\"https:\/\/weinhaus-drosseleck.de\/en\/\">Read More<\/a>","protected":false},"author":1,"featured_media":0,"parent":0,"menu_order":0,"comment_status":"closed","ping_status":"closed","template":"","meta":{"footnotes":""},"class_list":["post-193","page","type-page","status-publish","hentry"],"acf":[],"jetpack_sharing_enabled":true,"_links":{"self":[{"href":"https:\/\/weinhaus-drosseleck.de\/en\/wp-json\/wp\/v2\/pages\/193","targetHints":{"allow":["GET"]}}],"collection":[{"href":"https:\/\/weinhaus-drosseleck.de\/en\/wp-json\/wp\/v2\/pages"}],"about":[{"href":"https:\/\/weinhaus-drosseleck.de\/en\/wp-json\/wp\/v2\/types\/page"}],"author":[{"embeddable":true,"href":"https:\/\/weinhaus-drosseleck.de\/en\/wp-json\/wp\/v2\/users\/1"}],"replies":[{"embeddable":true,"href":"https:\/\/weinhaus-drosseleck.de\/en\/wp-json\/wp\/v2\/comments?post=193"}],"version-history":[{"count":10,"href":"https:\/\/weinhaus-drosseleck.de\/en\/wp-json\/wp\/v2\/pages\/193\/revisions"}],"predecessor-version":[{"id":1546,"href":"https:\/\/weinhaus-drosseleck.de\/en\/wp-json\/wp\/v2\/pages\/193\/revisions\/1546"}],"wp:attachment":[{"href":"https:\/\/weinhaus-drosseleck.de\/en\/wp-json\/wp\/v2\/media?parent=193"}],"curies":[{"name":"wp","href":"https:\/\/api.w.org\/{rel}","templated":true}]}}