{"id":341,"date":"2016-03-15T14:31:38","date_gmt":"2016-03-15T14:31:38","guid":{"rendered":"http:\/\/okthemes.com\/villenoirdemo\/?page_id=341"},"modified":"2024-02-08T19:48:32","modified_gmt":"2024-02-08T18:48:32","slug":"ueberuns","status":"publish","type":"page","link":"https:\/\/weinhaus-drosseleck.de\/en\/ueberuns\/","title":{"rendered":"\u00dcber uns"},"content":{"rendered":"<section class=\"wpb-content-wrapper\"><div data-vc-full-width=\"true\" data-vc-full-width-init=\"false\" class=\"vc_row wpb_row vc_row-fluid gg-force-background-bottom vc_custom_1469107646994 vc_row-has-fill\"><div class=\"wpb_column vc_column_container vc_col-sm-6\"><div class=\"vc_column-inner\"><div class=\"wpb_wrapper\">\n\t<div class=\"wpb_text_column wpb_content_element\" >\n\t\t<div class=\"wpb_wrapper\">\n\t\t\t<p>Seit dem Jahre 2009 befindet sich das Weinhaus Drosseleck in der ber\u00fchmten Drosselgasse 7. Die Drosselgasse ist eine 140 Meter lange und nur etwa drei Meter breite Stra\u00dfe, welche j\u00e4hrlich von knapp drei Millionen Touristen aus aller Welt besucht wird.<\/p>\n<p>Wir sind eine familiengef\u00fchrte Vinothek im Herzen von R\u00fcdesheim und laden Sie ein zu einem Geschmackserlebnis. Mit unserer gro\u00dfen Auswahl an verschiedensten Weinen der \u00f6rtlichen Winzer finden auch Sie Ihren neuen Favorit oder das passende Mitbringsel f\u00fcr Ihre Liebsten!<\/p>\n<p>Neben den Weinen haben wir eine wundervolle Auswahl an R\u00fcdesheimer Asbach Produkten sowie Zubeh\u00f6r und weitere ausgefallene Lik\u00f6re.<\/p>\n<p>&nbsp;<\/p>\n<p><strong>Vinothek<\/strong><\/p>\n<p>Seit dem 01. April 2023 finden Sie \u00fcber unserer Vinothek, oder alternativ \u00fcber die Hausnummer Oberstra\u00dfe 24 unsere Weinbar.<\/p>\n<p>Lassen Sie hier einen sch\u00f6nen Tag in R\u00fcdesheim Revue passieren bei einem sch\u00f6nen Glas Wein oder einer Tasse R\u00fcdesheimer Kaffee!<\/p>\n<p>Wir freuen uns auf Ihren Besuch um Sie hier verw\u00f6hnen zu k\u00f6nnen.<\/p>\n\n\t\t<\/div>\n\t<\/div>\n<\/div><\/div><\/div><div class=\"wpb_column vc_column_container vc_col-sm-6\"><div class=\"vc_column-inner\"><div class=\"wpb_wrapper\">\n\t<div class=\"title-subtitle-box  vc_custom_1679058307666\" style=\" padding: 90px 0 0 0px; text-align: center;\">\n\t\t<p  style=\"\">Weinhaus Drosseleck<\/p>\n\t\t<h1 style=\" font-style: normal;\">F\u00fcr uns ist Wein ein Erlebnis. Das m\u00f6chten wir Ihnen mit unserem Lokal im Herzen der Drosselgasse n\u00e4her bringen.<\/h1>\n\t<\/div> <\/div><\/div><\/div><\/div><div class=\"vc_row-full-width vc_clearfix\"><\/div><div class=\"vc_row wpb_row vc_row-fluid\"><div class=\"wpb_column vc_column_container vc_col-sm-12\"><div class=\"vc_column-inner\"><div class=\"wpb_wrapper\"><div class=\"wpb_gallery wpb_content_element vc_clearfix\" ><div class=\"wpb_wrapper\"><h2 class=\"wpb_heading wpb_gallery_heading\">Gallery<\/h2><div class=\"wpb_gallery_slides wpb_flexslider flexslider_fade flexslider\" data-interval=\"3\" data-flex_fx=\"fade\"><ul class=\"slides\"><li><a class=\"\" href=\"https:\/\/weinhaus-drosseleck.de\/wp-content\/uploads\/2023\/03\/eeee-min-Copy-950x1024.jpg\" data-lightbox=\"lightbox[rel-341-252919908]\"><img loading=\"lazy\" decoding=\"async\" width=\"950\" height=\"1024\" src=\"https:\/\/weinhaus-drosseleck.de\/wp-content\/uploads\/2023\/03\/eeee-min-Copy-950x1024.jpg\" class=\"attachment-large\" alt=\"\" title=\"eeee-min - Copy\" srcset=\"https:\/\/weinhaus-drosseleck.de\/wp-content\/uploads\/2023\/03\/eeee-min-Copy-950x1024.jpg 950w, https:\/\/weinhaus-drosseleck.de\/wp-content\/uploads\/2023\/03\/eeee-min-Copy-278x300.jpg 278w, https:\/\/weinhaus-drosseleck.de\/wp-content\/uploads\/2023\/03\/eeee-min-Copy-768x827.jpg 768w, https:\/\/weinhaus-drosseleck.de\/wp-content\/uploads\/2023\/03\/eeee-min-Copy-1426x1536.jpg 1426w, https:\/\/weinhaus-drosseleck.de\/wp-content\/uploads\/2023\/03\/eeee-min-Copy-1901x2048.jpg 1901w, https:\/\/weinhaus-drosseleck.de\/wp-content\/uploads\/2023\/03\/eeee-min-Copy-11x12.jpg 11w\" sizes=\"auto, (max-width: 950px) 100vw, 950px\" \/><\/a><\/li><li><a class=\"\" href=\"https:\/\/weinhaus-drosseleck.de\/wp-content\/uploads\/2023\/03\/a1-min-768x1024.jpg\" data-lightbox=\"lightbox[rel-341-252919908]\"><img loading=\"lazy\" decoding=\"async\" width=\"768\" height=\"1024\" src=\"https:\/\/weinhaus-drosseleck.de\/wp-content\/uploads\/2023\/03\/a1-min-768x1024.jpg\" class=\"attachment-large\" alt=\"\" title=\"a1-min\" srcset=\"https:\/\/weinhaus-drosseleck.de\/wp-content\/uploads\/2023\/03\/a1-min-768x1024.jpg 768w, https:\/\/weinhaus-drosseleck.de\/wp-content\/uploads\/2023\/03\/a1-min-225x300.jpg 225w, https:\/\/weinhaus-drosseleck.de\/wp-content\/uploads\/2023\/03\/a1-min-1152x1536.jpg 1152w, https:\/\/weinhaus-drosseleck.de\/wp-content\/uploads\/2023\/03\/a1-min-1536x2048.jpg 1536w, https:\/\/weinhaus-drosseleck.de\/wp-content\/uploads\/2023\/03\/a1-min-9x12.jpg 9w, https:\/\/weinhaus-drosseleck.de\/wp-content\/uploads\/2023\/03\/a1-min-scaled.jpg 1920w\" sizes=\"auto, (max-width: 768px) 100vw, 768px\" \/><\/a><\/li><li><a class=\"\" href=\"https:\/\/weinhaus-drosseleck.de\/wp-content\/uploads\/2023\/03\/a2-min-768x1024.jpg\" data-lightbox=\"lightbox[rel-341-252919908]\"><img loading=\"lazy\" decoding=\"async\" width=\"768\" height=\"1024\" src=\"https:\/\/weinhaus-drosseleck.de\/wp-content\/uploads\/2023\/03\/a2-min-768x1024.jpg\" class=\"attachment-large\" alt=\"\" title=\"a2-min\" srcset=\"https:\/\/weinhaus-drosseleck.de\/wp-content\/uploads\/2023\/03\/a2-min-768x1024.jpg 768w, https:\/\/weinhaus-drosseleck.de\/wp-content\/uploads\/2023\/03\/a2-min-225x300.jpg 225w, https:\/\/weinhaus-drosseleck.de\/wp-content\/uploads\/2023\/03\/a2-min-1152x1536.jpg 1152w, https:\/\/weinhaus-drosseleck.de\/wp-content\/uploads\/2023\/03\/a2-min-1536x2048.jpg 1536w, https:\/\/weinhaus-drosseleck.de\/wp-content\/uploads\/2023\/03\/a2-min-9x12.jpg 9w, https:\/\/weinhaus-drosseleck.de\/wp-content\/uploads\/2023\/03\/a2-min-scaled.jpg 1920w\" sizes=\"auto, (max-width: 768px) 100vw, 768px\" \/><\/a><\/li><li><a class=\"\" href=\"https:\/\/weinhaus-drosseleck.de\/wp-content\/uploads\/2023\/03\/a4-min.jpg\" data-lightbox=\"lightbox[rel-341-252919908]\"><img loading=\"lazy\" decoding=\"async\" width=\"768\" height=\"1024\" src=\"https:\/\/weinhaus-drosseleck.de\/wp-content\/uploads\/2023\/03\/a4-min.jpg\" class=\"attachment-large\" alt=\"\" title=\"a4-min\" srcset=\"https:\/\/weinhaus-drosseleck.de\/wp-content\/uploads\/2023\/03\/a4-min.jpg 768w, https:\/\/weinhaus-drosseleck.de\/wp-content\/uploads\/2023\/03\/a4-min-225x300.jpg 225w, https:\/\/weinhaus-drosseleck.de\/wp-content\/uploads\/2023\/03\/a4-min-9x12.jpg 9w\" sizes=\"auto, (max-width: 768px) 100vw, 768px\" \/><\/a><\/li><li><a class=\"\" href=\"https:\/\/weinhaus-drosseleck.de\/wp-content\/uploads\/2023\/03\/e1-min-1-768x1024.jpg\" data-lightbox=\"lightbox[rel-341-252919908]\"><img loading=\"lazy\" decoding=\"async\" width=\"768\" height=\"1024\" src=\"https:\/\/weinhaus-drosseleck.de\/wp-content\/uploads\/2023\/03\/e1-min-1-768x1024.jpg\" class=\"attachment-large\" alt=\"\" title=\"e1-min\" srcset=\"https:\/\/weinhaus-drosseleck.de\/wp-content\/uploads\/2023\/03\/e1-min-1-768x1024.jpg 768w, https:\/\/weinhaus-drosseleck.de\/wp-content\/uploads\/2023\/03\/e1-min-1-225x300.jpg 225w, https:\/\/weinhaus-drosseleck.de\/wp-content\/uploads\/2023\/03\/e1-min-1-1152x1536.jpg 1152w, https:\/\/weinhaus-drosseleck.de\/wp-content\/uploads\/2023\/03\/e1-min-1-1536x2048.jpg 1536w, https:\/\/weinhaus-drosseleck.de\/wp-content\/uploads\/2023\/03\/e1-min-1-9x12.jpg 9w, https:\/\/weinhaus-drosseleck.de\/wp-content\/uploads\/2023\/03\/e1-min-1-scaled.jpg 1920w\" sizes=\"auto, (max-width: 768px) 100vw, 768px\" \/><\/a><\/li><li><a class=\"\" href=\"https:\/\/weinhaus-drosseleck.de\/wp-content\/uploads\/2023\/03\/er1-min-1.jpg\" data-lightbox=\"lightbox[rel-341-252919908]\"><img loading=\"lazy\" decoding=\"async\" width=\"768\" height=\"1024\" src=\"https:\/\/weinhaus-drosseleck.de\/wp-content\/uploads\/2023\/03\/er1-min-1.jpg\" class=\"attachment-large\" alt=\"\" title=\"er1-min\" srcset=\"https:\/\/weinhaus-drosseleck.de\/wp-content\/uploads\/2023\/03\/er1-min-1.jpg 768w, https:\/\/weinhaus-drosseleck.de\/wp-content\/uploads\/2023\/03\/er1-min-1-225x300.jpg 225w, https:\/\/weinhaus-drosseleck.de\/wp-content\/uploads\/2023\/03\/er1-min-1-9x12.jpg 9w\" sizes=\"auto, (max-width: 768px) 100vw, 768px\" \/><\/a><\/li><li><a class=\"\" href=\"https:\/\/weinhaus-drosseleck.de\/wp-content\/uploads\/2023\/03\/er2-min-1.jpg\" data-lightbox=\"lightbox[rel-341-252919908]\"><img loading=\"lazy\" decoding=\"async\" width=\"768\" height=\"1024\" src=\"https:\/\/weinhaus-drosseleck.de\/wp-content\/uploads\/2023\/03\/er2-min-1.jpg\" class=\"attachment-large\" alt=\"\" title=\"er2-min\" srcset=\"https:\/\/weinhaus-drosseleck.de\/wp-content\/uploads\/2023\/03\/er2-min-1.jpg 768w, https:\/\/weinhaus-drosseleck.de\/wp-content\/uploads\/2023\/03\/er2-min-1-225x300.jpg 225w, https:\/\/weinhaus-drosseleck.de\/wp-content\/uploads\/2023\/03\/er2-min-1-9x12.jpg 9w\" sizes=\"auto, (max-width: 768px) 100vw, 768px\" \/><\/a><\/li><li><a class=\"\" href=\"https:\/\/weinhaus-drosseleck.de\/wp-content\/uploads\/2023\/03\/a5-min.jpeg\" data-lightbox=\"lightbox[rel-341-252919908]\"><img loading=\"lazy\" decoding=\"async\" width=\"768\" height=\"1024\" src=\"https:\/\/weinhaus-drosseleck.de\/wp-content\/uploads\/2023\/03\/a5-min.jpeg\" class=\"attachment-large\" alt=\"\" title=\"a5-min\" srcset=\"https:\/\/weinhaus-drosseleck.de\/wp-content\/uploads\/2023\/03\/a5-min.jpeg 768w, https:\/\/weinhaus-drosseleck.de\/wp-content\/uploads\/2023\/03\/a5-min-225x300.jpeg 225w, https:\/\/weinhaus-drosseleck.de\/wp-content\/uploads\/2023\/03\/a5-min-9x12.jpeg 9w\" sizes=\"auto, (max-width: 768px) 100vw, 768px\" \/><\/a><\/li><li><a class=\"\" href=\"https:\/\/weinhaus-drosseleck.de\/wp-content\/uploads\/2023\/03\/a3-min.jpg\" data-lightbox=\"lightbox[rel-341-252919908]\"><img loading=\"lazy\" decoding=\"async\" width=\"1024\" height=\"768\" src=\"https:\/\/weinhaus-drosseleck.de\/wp-content\/uploads\/2023\/03\/a3-min.jpg\" class=\"attachment-large\" alt=\"\" title=\"a3-min\" srcset=\"https:\/\/weinhaus-drosseleck.de\/wp-content\/uploads\/2023\/03\/a3-min.jpg 1024w, https:\/\/weinhaus-drosseleck.de\/wp-content\/uploads\/2023\/03\/a3-min-300x225.jpg 300w, https:\/\/weinhaus-drosseleck.de\/wp-content\/uploads\/2023\/03\/a3-min-768x576.jpg 768w, https:\/\/weinhaus-drosseleck.de\/wp-content\/uploads\/2023\/03\/a3-min-16x12.jpg 16w\" sizes=\"auto, (max-width: 1024px) 100vw, 1024px\" \/><\/a><\/li><li><a class=\"\" href=\"https:\/\/weinhaus-drosseleck.de\/wp-content\/uploads\/2023\/03\/e2-min-1.jpg\" data-lightbox=\"lightbox[rel-341-252919908]\"><img loading=\"lazy\" decoding=\"async\" width=\"946\" height=\"830\" src=\"https:\/\/weinhaus-drosseleck.de\/wp-content\/uploads\/2023\/03\/e2-min-1.jpg\" class=\"attachment-large\" alt=\"\" title=\"e2-min\" srcset=\"https:\/\/weinhaus-drosseleck.de\/wp-content\/uploads\/2023\/03\/e2-min-1.jpg 946w, https:\/\/weinhaus-drosseleck.de\/wp-content\/uploads\/2023\/03\/e2-min-1-300x263.jpg 300w, https:\/\/weinhaus-drosseleck.de\/wp-content\/uploads\/2023\/03\/e2-min-1-768x674.jpg 768w, https:\/\/weinhaus-drosseleck.de\/wp-content\/uploads\/2023\/03\/e2-min-1-14x12.jpg 14w\" sizes=\"auto, (max-width: 946px) 100vw, 946px\" \/><\/a><\/li><\/ul><\/div><\/div><\/div><\/div><\/div><\/div><\/div><div data-vc-full-width=\"true\" data-vc-full-width-init=\"false\" class=\"vc_row wpb_row vc_row-fluid vc_custom_1460974692501 vc_row-has-fill\"><div class=\"wpb_column vc_column_container vc_col-sm-12\"><div class=\"vc_column-inner\"><div class=\"wpb_wrapper\"><\/div><\/div><\/div><\/div><div class=\"vc_row-full-width vc_clearfix\"><\/div>\n<\/section>","protected":false},"excerpt":{"rendered":"Seit dem Jahre 2009 befindet sich das Weinhaus Drosseleck in der ber\u00fchmten Drosselgasse 7. Die Drosselgasse ist eine 140 Meter lange und nur etwa drei Meter breite Stra\u00dfe, welche j\u00e4hrlich<br class=\"read-more-spacer\"> <a class=\"more-link\" href=\"https:\/\/weinhaus-drosseleck.de\/en\/ueberuns\/\">Read More<\/a>","protected":false},"author":1,"featured_media":0,"parent":0,"menu_order":0,"comment_status":"closed","ping_status":"closed","template":"","meta":{"footnotes":""},"class_list":["post-341","page","type-page","status-publish","hentry"],"acf":[],"jetpack_sharing_enabled":true,"_links":{"self":[{"href":"https:\/\/weinhaus-drosseleck.de\/en\/wp-json\/wp\/v2\/pages\/341","targetHints":{"allow":["GET"]}}],"collection":[{"href":"https:\/\/weinhaus-drosseleck.de\/en\/wp-json\/wp\/v2\/pages"}],"about":[{"href":"https:\/\/weinhaus-drosseleck.de\/en\/wp-json\/wp\/v2\/types\/page"}],"author":[{"embeddable":true,"href":"https:\/\/weinhaus-drosseleck.de\/en\/wp-json\/wp\/v2\/users\/1"}],"replies":[{"embeddable":true,"href":"https:\/\/weinhaus-drosseleck.de\/en\/wp-json\/wp\/v2\/comments?post=341"}],"version-history":[{"count":10,"href":"https:\/\/weinhaus-drosseleck.de\/en\/wp-json\/wp\/v2\/pages\/341\/revisions"}],"predecessor-version":[{"id":1583,"href":"https:\/\/weinhaus-drosseleck.de\/en\/wp-json\/wp\/v2\/pages\/341\/revisions\/1583"}],"wp:attachment":[{"href":"https:\/\/weinhaus-drosseleck.de\/en\/wp-json\/wp\/v2\/media?parent=341"}],"curies":[{"name":"wp","href":"https:\/\/api.w.org\/{rel}","templated":true}]}}