{"id":490,"date":"2016-03-21T12:18:13","date_gmt":"2016-03-21T12:18:13","guid":{"rendered":"http:\/\/okthemes.com\/villenoirdemo\/?page_id=490"},"modified":"2023-03-18T20:06:10","modified_gmt":"2023-03-18T19:06:10","slug":"anfahrt","status":"publish","type":"page","link":"https:\/\/weinhaus-drosseleck.de\/en\/anfahrt\/","title":{"rendered":"Route"},"content":{"rendered":"<section class=\"wpb-content-wrapper\"><div data-vc-full-width=\"true\" data-vc-full-width-init=\"false\" data-vc-stretch-content=\"true\" class=\"vc_row wpb_row vc_row-fluid vc_custom_1458562782643 vc_row-no-padding vc_row-o-equal-height vc_row-o-content-middle vc_row-flex\"><div class=\"wpb_column vc_column_container vc_col-sm-12\"><div class=\"vc_column-inner\"><div class=\"wpb_wrapper\"><div class=\"wpb_gmaps_widget wpb_content_element\"><div class=\"wpb_wrapper\"><div class=\"wpb_map_wraper\"><iframe src=\"https:\/\/www.google.com\/maps\/embed?pb=!1m14!1m8!1m3!1d8568.05148323803!2d7.921121892729812!3d49.978440015520505!3m2!1i1024!2i768!4f13.1!3m3!1m2!1s0x0%3A0x98e76dc49978c03f!2sWeinhaus%20Drosseleck!5e0!3m2!1sde!2sde!4v1678122297770!5m2!1sde!2sde\" width=\"600\" height=\"450\" style=\"border:0;\" allowfullscreen=\"\" loading=\"lazy\" referrerpolicy=\"no-referrer-when-downgrade\"><\/iframe><\/div><\/div><\/div><\/div><\/div><\/div><div class=\"wpb_column vc_column_container vc_col-sm-12 vc_col-lg-6 vc_col-md-6 vc_col-has-fill\"><div class=\"vc_column-inner vc_custom_1679165176263\"><div class=\"wpb_wrapper\"><div class=\"vc_empty_space\"   style=\"height: 700px\"><span class=\"vc_empty_space_inner\"><\/span><\/div><\/div><\/div><\/div><div class=\"wpb_column vc_column_container vc_col-sm-12 vc_col-lg-6 vc_col-md-6 vc_col-has-fill\"><div class=\"vc_column-inner vc_custom_1460369333053\"><div class=\"wpb_wrapper\">\n\t<div class=\"title-subtitle-box\" style=\" text-align: left;\">\n\t\t<p  style=\"\">Weinhaus Drosseleck<\/p>\n\t\t<h2 style=\" color:#ffffff;  font-style: normal;\">R\u00fcdesheim am Rhein<\/h2>\n\t<\/div> \n\t<div class=\"wpb_text_column wpb_content_element  vc_custom_1679165503784\" >\n\t\t<div class=\"wpb_wrapper\">\n\t\t\t<p><span style=\"color: #ffffff;\">R\u00fcdesheim am Rhein ist eine Stadt im deutschen Rheintal, die f\u00fcr ihre Weinherstellung, vor allem f\u00fcr Rieslinge, bekannt ist. Im Zentrum befindet sich die Drosselgasse mit Gesch\u00e4ften, Kneipen und Restaurants. Siegfried&#8217;s Mechanisches Musikkabinett ist ebenfalls in der N\u00e4he. Die mittelalterliche Br\u00f6mserburg beherbergt das Rheingauer Weinmuseum, in dem Ausstellungsst\u00fccke rund um Weinerzeugung und Weingenuss von der Antike bis heute gezeigt werden.<span class=\"eHaQD\">\u00a0<\/span><\/span><\/p>\n\n\t\t<\/div>\n\t<\/div>\n\n\t<blockquote style=\"color: #ffffff;\" class=\"gg-vc-quote\">\n\tRiesling ist eine wei\u00dfe Reb- und Weinsorte, die zu den hochwertigsten und kulturpr\u00e4genden Gew\u00e4chsen gez\u00e4hlt wird.\n\t<\/blockquote><\/div><\/div><\/div><\/div><div class=\"vc_row-full-width vc_clearfix\"><\/div><div data-vc-full-width=\"true\" data-vc-full-width-init=\"false\" data-vc-stretch-content=\"true\" class=\"vc_row wpb_row vc_row-fluid vc_custom_1679166166762 reverse_columns_mobile vc_row-no-padding vc_row-o-equal-height vc_row-o-content-middle vc_row-flex\"><div class=\"wpb_column vc_column_container vc_col-sm-12 vc_col-lg-6 vc_col-md-6 vc_col-has-fill\"><div class=\"vc_column-inner vc_custom_1460369363082\"><div class=\"wpb_wrapper\">\n\t<div class=\"title-subtitle-box\" style=\" text-align: left;\">\n\t\t<p  style=\"\">Weinhaus Drosseleck<\/p>\n\t\t<h2 style=\" font-style: normal;\">Drosselgasse<\/h2>\n\t<\/div> \n\t<div class=\"wpb_text_column wpb_content_element  vc_custom_1679165711257\" >\n\t\t<div class=\"wpb_wrapper\">\n\t\t\t<p>Die\u00a0Drosselgasse\u00a0ist eine 2 m breite und etwa 144 m lange,<sup id=\"cite_ref-1\" class=\"reference\"><\/sup>\u00a0kopfsteingepflasterte\u00a0Stra\u00dfe in\u00a0R\u00fcdesheim am Rhein, die j\u00e4hrlich von etwa drei Millionen Menschen besucht wird.<\/p>\n<p style=\"text-align: left;\">Die Drosselgasse wurde erstmals im 15. Jahrhundert als Quartier von Rheinschiffern erw\u00e4hnt. Da die Schiffer nur Segel, Ruder, Tauwerk und Werkzeug in die Wohnungen und H\u00f6fe mitnahmen, waren die H\u00e4user und Hinterh\u00f6fe nur durch schmale Hausflure von der Gasse erreichbar; die Schiffe blieben am Rheinufer vert\u00e4ut.<\/p>\n\n\t\t<\/div>\n\t<\/div>\n\n\t<blockquote  class=\"gg-vc-quote\">\n\tDie ber\u00fchmt-ber\u00fcchtigte Drosselgasse in R\u00fcdesheim ist die<br \/>\nam meist frequentierte Stra\u00dfe im Ort, wo sich Weinlokal an Weinlokal zum Verweilen einl\u00e4d.\n\t<\/blockquote><\/div><\/div><\/div><div class=\"wpb_column vc_column_container vc_col-sm-12 vc_col-lg-6 vc_col-md-6 vc_col-has-fill\"><div class=\"vc_column-inner vc_custom_1679165279449\"><div class=\"wpb_wrapper\"><div class=\"vc_empty_space\"   style=\"height: 700px\"><span class=\"vc_empty_space_inner\"><\/span><\/div><\/div><\/div><\/div><\/div><div class=\"vc_row-full-width vc_clearfix\"><\/div>\n<\/section>","protected":false},"excerpt":{"rendered":"Weinhaus Drosseleck R\u00fcdesheim am Rhein R\u00fcdesheim am Rhein ist eine Stadt im deutschen Rheintal, die f\u00fcr ihre Weinherstellung, vor allem f\u00fcr Rieslinge, bekannt ist. Im Zentrum befindet sich die Drosselgasse<br class=\"read-more-spacer\"> <a class=\"more-link\" href=\"https:\/\/weinhaus-drosseleck.de\/en\/anfahrt\/\">Read More<\/a>","protected":false},"author":1,"featured_media":0,"parent":0,"menu_order":0,"comment_status":"closed","ping_status":"closed","template":"","meta":{"footnotes":""},"class_list":["post-490","page","type-page","status-publish","hentry"],"acf":[],"jetpack_sharing_enabled":true,"_links":{"self":[{"href":"https:\/\/weinhaus-drosseleck.de\/en\/wp-json\/wp\/v2\/pages\/490","targetHints":{"allow":["GET"]}}],"collection":[{"href":"https:\/\/weinhaus-drosseleck.de\/en\/wp-json\/wp\/v2\/pages"}],"about":[{"href":"https:\/\/weinhaus-drosseleck.de\/en\/wp-json\/wp\/v2\/types\/page"}],"author":[{"embeddable":true,"href":"https:\/\/weinhaus-drosseleck.de\/en\/wp-json\/wp\/v2\/users\/1"}],"replies":[{"embeddable":true,"href":"https:\/\/weinhaus-drosseleck.de\/en\/wp-json\/wp\/v2\/comments?post=490"}],"version-history":[{"count":9,"href":"https:\/\/weinhaus-drosseleck.de\/en\/wp-json\/wp\/v2\/pages\/490\/revisions"}],"predecessor-version":[{"id":1542,"href":"https:\/\/weinhaus-drosseleck.de\/en\/wp-json\/wp\/v2\/pages\/490\/revisions\/1542"}],"wp:attachment":[{"href":"https:\/\/weinhaus-drosseleck.de\/en\/wp-json\/wp\/v2\/media?parent=490"}],"curies":[{"name":"wp","href":"https:\/\/api.w.org\/{rel}","templated":true}]}}